{"id":17032,"date":"2015-03-09T16:33:51","date_gmt":"2015-03-09T15:33:51","guid":{"rendered":"https:\/\/www.worktools.be\/offre\/bevestigingen-lijmen-en-siliconen\/"},"modified":"2022-07-12T23:40:30","modified_gmt":"2022-07-12T21:40:30","slug":"fixations-colles-et-silicones","status":"publish","type":"page","link":"https:\/\/www.worktools.be\/fr\/offre\/fixations-colles-et-silicones\/","title":{"rendered":"Fixations, colles et silicones"},"content":{"rendered":"\n\t\t\t\t\t<div class=\"linkview\" id=\"lvw-sc-id-1\">\n\t\t\t\t\t<div class=\"lvw-category\">\n\t\t\t\t\t<div id=\"lvw-id-1-1\">\n\t\t\t\t\t<ul class=\"lvw-link-list\" style=\"list-style-type:none;\">\n\t\t\t\t\t\t<li class=\"lvw-list-item\">\n\t\t\t<div class=\"lvw-link fixations-colles-et-silicones\"><div class=\"lvw-section-left\"><div class=\"lvw-item-image\"><a class=\"lvw-anchor\" href=\"http:\/\/fr.bpb-chemicals.be\/metaflux-intro\/\" target=\"_blank\" title=\"BPB chemicals\/Metaflux\" rel=\"noopener \"><img decoding=\"async\" src=\"https:\/\/www.worktools.be\/wp-content\/uploads\/2015\/12\/Metaflux.png\" alt=\"BPB chemicals\/Metaflux\" \/><\/a><\/div><\/div><div class=\"lvw-section-right\"><div class=\"lvw-item-notes\"> Une gamme \u00e9tendue de sprays techniques et de nettoyants utilisables dans la pr\u00e9paration et la r\u00e9paration automobile, la construction, les transports, les industries, les fabrications m\u00e9talliques\u2026 etc. Pour le d\u00e9veloppement des produits, trois principes fondamentaux sont mis en avant par Metaflux : La recherche de la meilleure qualit\u00e9 technique. Un d\u00e9sagr\u00e9ment minimal en mati\u00e8re d'hygi\u00e8ne et de s\u00e9curit\u00e9 du travail. Une protection maximale de l'environnement. <\/div><div class=\"lvw-item-address\"><a class=\"lvw-anchor\" href=\"http:\/\/fr.bpb-chemicals.be\/metaflux-intro\/\" target=\"_blank\" title=\"BPB chemicals\/Metaflux\" rel=\"noopener \">http:\/\/fr.bpb-chemicals.be\/metaflux-intro\/<\/a><\/div><\/div><\/div><\/li>\n\t\t\t\t\t<\/ul>\n\t\t\t\t\t<\/div>\n\t\t\t\t\t<\/div>\n\t\t\t\t<\/div>\n","protected":false},"excerpt":{"rendered":"...","protected":false},"author":3,"featured_media":0,"parent":17027,"menu_order":0,"comment_status":"open","ping_status":"open","template":"","meta":{"footnotes":"","_expiration-date-status":"","_expiration-date":0,"_expiration-date-type":"","_expiration-date-categories":[],"_expiration-date-options":[]},"class_list":["post-17032","page","type-page","status-publish","hentry"],"yoast_head":"<!-- This site is optimized with the Yoast SEO plugin v26.6 - https:\/\/yoast.com\/wordpress\/plugins\/seo\/ -->\n<title>Fixations, colles et silicones - WorkTools<\/title>\n<meta name=\"robots\" content=\"index, follow, max-snippet:-1, max-image-preview:large, max-video-preview:-1\" \/>\n<link rel=\"canonical\" href=\"https:\/\/www.worktools.be\/fr\/offre\/fixations-colles-et-silicones\/\" \/>\n<meta property=\"og:locale\" content=\"fr_FR\" \/>\n<meta property=\"og:type\" content=\"article\" \/>\n<meta property=\"og:title\" content=\"Fixations, colles et silicones - WorkTools\" \/>\n<meta property=\"og:url\" content=\"https:\/\/www.worktools.be\/fr\/offre\/fixations-colles-et-silicones\/\" \/>\n<meta property=\"og:site_name\" content=\"WorkTools\" \/>\n<meta property=\"article:modified_time\" content=\"2022-07-12T21:40:30+00:00\" \/>\n<meta name=\"twitter:card\" content=\"summary_large_image\" \/>\n<script type=\"application\/ld+json\" class=\"yoast-schema-graph\">{\"@context\":\"https:\/\/schema.org\",\"@graph\":[{\"@type\":\"WebPage\",\"@id\":\"https:\/\/www.worktools.be\/fr\/offre\/fixations-colles-et-silicones\/\",\"url\":\"https:\/\/www.worktools.be\/fr\/offre\/fixations-colles-et-silicones\/\",\"name\":\"Fixations, colles et silicones - WorkTools\",\"isPartOf\":{\"@id\":\"https:\/\/www.worktools.be\/fr\/#website\"},\"datePublished\":\"2015-03-09T15:33:51+00:00\",\"dateModified\":\"2022-07-12T21:40:30+00:00\",\"breadcrumb\":{\"@id\":\"https:\/\/www.worktools.be\/fr\/offre\/fixations-colles-et-silicones\/#breadcrumb\"},\"inLanguage\":\"fr-FR\",\"potentialAction\":[{\"@type\":\"ReadAction\",\"target\":[\"https:\/\/www.worktools.be\/fr\/offre\/fixations-colles-et-silicones\/\"]}]},{\"@type\":\"BreadcrumbList\",\"@id\":\"https:\/\/www.worktools.be\/fr\/offre\/fixations-colles-et-silicones\/#breadcrumb\",\"itemListElement\":[{\"@type\":\"ListItem\",\"position\":1,\"name\":\"Home\",\"item\":\"https:\/\/www.worktools.be\/fr\/\"},{\"@type\":\"ListItem\",\"position\":2,\"name\":\"Offre\",\"item\":\"https:\/\/www.worktools.be\/fr\/offre\/\"},{\"@type\":\"ListItem\",\"position\":3,\"name\":\"Fixations, colles et silicones\"}]},{\"@type\":\"WebSite\",\"@id\":\"https:\/\/www.worktools.be\/fr\/#website\",\"url\":\"https:\/\/www.worktools.be\/fr\/\",\"name\":\"WorkTools\",\"description\":\"Worktools in Hoeilaart | Werkgereedschap, stellingen, ladders, bevestigingen, lijmen, siliconen, elektrisch en pneumatisch materiaal.\",\"publisher\":{\"@id\":\"https:\/\/www.worktools.be\/fr\/#organization\"},\"potentialAction\":[{\"@type\":\"SearchAction\",\"target\":{\"@type\":\"EntryPoint\",\"urlTemplate\":\"https:\/\/www.worktools.be\/fr\/?s={search_term_string}\"},\"query-input\":{\"@type\":\"PropertyValueSpecification\",\"valueRequired\":true,\"valueName\":\"search_term_string\"}}],\"inLanguage\":\"fr-FR\"},{\"@type\":\"Organization\",\"@id\":\"https:\/\/www.worktools.be\/fr\/#organization\",\"name\":\"WorkTools\",\"url\":\"https:\/\/www.worktools.be\/fr\/\",\"logo\":{\"@type\":\"ImageObject\",\"inLanguage\":\"fr-FR\",\"@id\":\"https:\/\/www.worktools.be\/fr\/#\/schema\/logo\/image\/\",\"url\":\"https:\/\/www.worktools.be\/wp-content\/uploads\/2015\/03\/worktools-logo.png\",\"contentUrl\":\"https:\/\/www.worktools.be\/wp-content\/uploads\/2015\/03\/worktools-logo.png\",\"width\":318,\"height\":103,\"caption\":\"WorkTools\"},\"image\":{\"@id\":\"https:\/\/www.worktools.be\/fr\/#\/schema\/logo\/image\/\"}}]}<\/script>\n<!-- \/ Yoast SEO plugin. -->","yoast_head_json":{"title":"Fixations, colles et silicones - WorkTools","robots":{"index":"index","follow":"follow","max-snippet":"max-snippet:-1","max-image-preview":"max-image-preview:large","max-video-preview":"max-video-preview:-1"},"canonical":"https:\/\/www.worktools.be\/fr\/offre\/fixations-colles-et-silicones\/","og_locale":"fr_FR","og_type":"article","og_title":"Fixations, colles et silicones - WorkTools","og_url":"https:\/\/www.worktools.be\/fr\/offre\/fixations-colles-et-silicones\/","og_site_name":"WorkTools","article_modified_time":"2022-07-12T21:40:30+00:00","twitter_card":"summary_large_image","schema":{"@context":"https:\/\/schema.org","@graph":[{"@type":"WebPage","@id":"https:\/\/www.worktools.be\/fr\/offre\/fixations-colles-et-silicones\/","url":"https:\/\/www.worktools.be\/fr\/offre\/fixations-colles-et-silicones\/","name":"Fixations, colles et silicones - WorkTools","isPartOf":{"@id":"https:\/\/www.worktools.be\/fr\/#website"},"datePublished":"2015-03-09T15:33:51+00:00","dateModified":"2022-07-12T21:40:30+00:00","breadcrumb":{"@id":"https:\/\/www.worktools.be\/fr\/offre\/fixations-colles-et-silicones\/#breadcrumb"},"inLanguage":"fr-FR","potentialAction":[{"@type":"ReadAction","target":["https:\/\/www.worktools.be\/fr\/offre\/fixations-colles-et-silicones\/"]}]},{"@type":"BreadcrumbList","@id":"https:\/\/www.worktools.be\/fr\/offre\/fixations-colles-et-silicones\/#breadcrumb","itemListElement":[{"@type":"ListItem","position":1,"name":"Home","item":"https:\/\/www.worktools.be\/fr\/"},{"@type":"ListItem","position":2,"name":"Offre","item":"https:\/\/www.worktools.be\/fr\/offre\/"},{"@type":"ListItem","position":3,"name":"Fixations, colles et silicones"}]},{"@type":"WebSite","@id":"https:\/\/www.worktools.be\/fr\/#website","url":"https:\/\/www.worktools.be\/fr\/","name":"WorkTools","description":"Worktools in Hoeilaart | Werkgereedschap, stellingen, ladders, bevestigingen, lijmen, siliconen, elektrisch en pneumatisch materiaal.","publisher":{"@id":"https:\/\/www.worktools.be\/fr\/#organization"},"potentialAction":[{"@type":"SearchAction","target":{"@type":"EntryPoint","urlTemplate":"https:\/\/www.worktools.be\/fr\/?s={search_term_string}"},"query-input":{"@type":"PropertyValueSpecification","valueRequired":true,"valueName":"search_term_string"}}],"inLanguage":"fr-FR"},{"@type":"Organization","@id":"https:\/\/www.worktools.be\/fr\/#organization","name":"WorkTools","url":"https:\/\/www.worktools.be\/fr\/","logo":{"@type":"ImageObject","inLanguage":"fr-FR","@id":"https:\/\/www.worktools.be\/fr\/#\/schema\/logo\/image\/","url":"https:\/\/www.worktools.be\/wp-content\/uploads\/2015\/03\/worktools-logo.png","contentUrl":"https:\/\/www.worktools.be\/wp-content\/uploads\/2015\/03\/worktools-logo.png","width":318,"height":103,"caption":"WorkTools"},"image":{"@id":"https:\/\/www.worktools.be\/fr\/#\/schema\/logo\/image\/"}}]}},"_links":{"self":[{"href":"https:\/\/www.worktools.be\/fr\/wp-json\/wp\/v2\/pages\/17032","targetHints":{"allow":["GET"]}}],"collection":[{"href":"https:\/\/www.worktools.be\/fr\/wp-json\/wp\/v2\/pages"}],"about":[{"href":"https:\/\/www.worktools.be\/fr\/wp-json\/wp\/v2\/types\/page"}],"author":[{"embeddable":true,"href":"https:\/\/www.worktools.be\/fr\/wp-json\/wp\/v2\/users\/3"}],"replies":[{"embeddable":true,"href":"https:\/\/www.worktools.be\/fr\/wp-json\/wp\/v2\/comments?post=17032"}],"version-history":[{"count":2,"href":"https:\/\/www.worktools.be\/fr\/wp-json\/wp\/v2\/pages\/17032\/revisions"}],"predecessor-version":[{"id":17910,"href":"https:\/\/www.worktools.be\/fr\/wp-json\/wp\/v2\/pages\/17032\/revisions\/17910"}],"up":[{"embeddable":true,"href":"https:\/\/www.worktools.be\/fr\/wp-json\/wp\/v2\/pages\/17027"}],"wp:attachment":[{"href":"https:\/\/www.worktools.be\/fr\/wp-json\/wp\/v2\/media?parent=17032"}],"curies":[{"name":"wp","href":"https:\/\/api.w.org\/{rel}","templated":true}]}}