{"id":17036,"date":"2015-03-09T16:20:33","date_gmt":"2015-03-09T15:20:33","guid":{"rendered":"https:\/\/www.worktools.be\/offre\/elektrisch-pneumatisch-gereedschap-en-toebehoren\/"},"modified":"2022-07-12T23:36:22","modified_gmt":"2022-07-12T21:36:22","slug":"outils-electriques-pneumatiques-et-accessoires","status":"publish","type":"page","link":"https:\/\/www.worktools.be\/fr\/offre\/outils-electriques-pneumatiques-et-accessoires\/","title":{"rendered":"Outils \u00e9lectriques &#038; pneumatiques et accessoires"},"content":{"rendered":"\n\t\t\t\t\t<div class=\"linkview\" id=\"lvw-sc-id-1\">\n\t\t\t\t\t<div class=\"lvw-category\">\n\t\t\t\t\t<div id=\"lvw-id-1-1\">\n\t\t\t\t\t<ul class=\"lvw-link-list\" style=\"list-style-type:none;\">\n\t\t\t\t\t\t<li class=\"lvw-list-item\">\n\t\t\t<div class=\"lvw-link outils-electriques-pneumatiques-et-accessoires\"><div class=\"lvw-section-left\"><div class=\"lvw-item-image\"><a class=\"lvw-anchor\" href=\"http:\/\/www.bosch-professional.com\" target=\"_blank\" title=\"Bosch\" rel=\"noopener \"><img decoding=\"async\" src=\"https:\/\/www.worktools.be\/wp-content\/uploads\/2015\/03\/bosch.jpg\" alt=\"Bosch\" \/><\/a><\/div><\/div><div class=\"lvw-section-right\"><div class=\"lvw-item-notes\">BOSCH offre une large gamme d\u2019outils de bricolage et d\u2019outils pour professionnel de m\u00e9tiers manuels et industriels. Une partie importante du portfolio produits de Bosch sont les machines \u00e0 accu avec la technologie Lithium-Ion, par exemple les tournevis \u00e0 accu, les ponceuses excentriques \u00e0 accu, les scies sauteuses \u00e0 accu ou les perceuses. En ce qui concerne le traitement de pierres et de b\u00e9ton, Bosch est le fabricant leader pour les perceuses, les foreuses, les perceuses \u00e0 percussion et les carotteuses. <\/div><div class=\"lvw-item-address\"><a class=\"lvw-anchor\" href=\"http:\/\/www.bosch-professional.com\" target=\"_blank\" title=\"Bosch\" rel=\"noopener \">http:\/\/www.bosch-professional.com<\/a><\/div><\/div><\/div><\/li>\n\t\t\t\t\t<\/ul>\n\t\t\t\t\t<\/div>\n\t\t\t\t\t<\/div>\n\t\t\t\t<\/div>\n","protected":false},"excerpt":{"rendered":"...","protected":false},"author":3,"featured_media":0,"parent":17027,"menu_order":0,"comment_status":"open","ping_status":"open","template":"","meta":{"footnotes":"","_expiration-date-status":"","_expiration-date":0,"_expiration-date-type":"","_expiration-date-categories":[],"_expiration-date-options":[]},"class_list":["post-17036","page","type-page","status-publish","hentry"],"yoast_head":"<!-- This site is optimized with the Yoast SEO plugin v26.6 - https:\/\/yoast.com\/wordpress\/plugins\/seo\/ -->\n<title>Outils \u00e9lectriques &amp; pneumatiques et accessoires - WorkTools<\/title>\n<meta name=\"robots\" content=\"index, follow, max-snippet:-1, max-image-preview:large, max-video-preview:-1\" \/>\n<link rel=\"canonical\" href=\"https:\/\/www.worktools.be\/fr\/offre\/outils-electriques-pneumatiques-et-accessoires\/\" \/>\n<meta property=\"og:locale\" content=\"fr_FR\" \/>\n<meta property=\"og:type\" content=\"article\" \/>\n<meta property=\"og:title\" content=\"Outils \u00e9lectriques &amp; pneumatiques et accessoires - WorkTools\" \/>\n<meta property=\"og:url\" content=\"https:\/\/www.worktools.be\/fr\/offre\/outils-electriques-pneumatiques-et-accessoires\/\" \/>\n<meta property=\"og:site_name\" content=\"WorkTools\" \/>\n<meta property=\"article:modified_time\" content=\"2022-07-12T21:36:22+00:00\" \/>\n<meta name=\"twitter:card\" content=\"summary_large_image\" \/>\n<script type=\"application\/ld+json\" class=\"yoast-schema-graph\">{\"@context\":\"https:\/\/schema.org\",\"@graph\":[{\"@type\":\"WebPage\",\"@id\":\"https:\/\/www.worktools.be\/fr\/offre\/outils-electriques-pneumatiques-et-accessoires\/\",\"url\":\"https:\/\/www.worktools.be\/fr\/offre\/outils-electriques-pneumatiques-et-accessoires\/\",\"name\":\"Outils \u00e9lectriques & pneumatiques et accessoires - WorkTools\",\"isPartOf\":{\"@id\":\"https:\/\/www.worktools.be\/fr\/#website\"},\"datePublished\":\"2015-03-09T15:20:33+00:00\",\"dateModified\":\"2022-07-12T21:36:22+00:00\",\"breadcrumb\":{\"@id\":\"https:\/\/www.worktools.be\/fr\/offre\/outils-electriques-pneumatiques-et-accessoires\/#breadcrumb\"},\"inLanguage\":\"fr-FR\",\"potentialAction\":[{\"@type\":\"ReadAction\",\"target\":[\"https:\/\/www.worktools.be\/fr\/offre\/outils-electriques-pneumatiques-et-accessoires\/\"]}]},{\"@type\":\"BreadcrumbList\",\"@id\":\"https:\/\/www.worktools.be\/fr\/offre\/outils-electriques-pneumatiques-et-accessoires\/#breadcrumb\",\"itemListElement\":[{\"@type\":\"ListItem\",\"position\":1,\"name\":\"Home\",\"item\":\"https:\/\/www.worktools.be\/fr\/\"},{\"@type\":\"ListItem\",\"position\":2,\"name\":\"Offre\",\"item\":\"https:\/\/www.worktools.be\/fr\/offre\/\"},{\"@type\":\"ListItem\",\"position\":3,\"name\":\"Outils \u00e9lectriques &#038; pneumatiques et accessoires\"}]},{\"@type\":\"WebSite\",\"@id\":\"https:\/\/www.worktools.be\/fr\/#website\",\"url\":\"https:\/\/www.worktools.be\/fr\/\",\"name\":\"WorkTools\",\"description\":\"Worktools in Hoeilaart | Werkgereedschap, stellingen, ladders, bevestigingen, lijmen, siliconen, elektrisch en pneumatisch materiaal.\",\"publisher\":{\"@id\":\"https:\/\/www.worktools.be\/fr\/#organization\"},\"potentialAction\":[{\"@type\":\"SearchAction\",\"target\":{\"@type\":\"EntryPoint\",\"urlTemplate\":\"https:\/\/www.worktools.be\/fr\/?s={search_term_string}\"},\"query-input\":{\"@type\":\"PropertyValueSpecification\",\"valueRequired\":true,\"valueName\":\"search_term_string\"}}],\"inLanguage\":\"fr-FR\"},{\"@type\":\"Organization\",\"@id\":\"https:\/\/www.worktools.be\/fr\/#organization\",\"name\":\"WorkTools\",\"url\":\"https:\/\/www.worktools.be\/fr\/\",\"logo\":{\"@type\":\"ImageObject\",\"inLanguage\":\"fr-FR\",\"@id\":\"https:\/\/www.worktools.be\/fr\/#\/schema\/logo\/image\/\",\"url\":\"https:\/\/www.worktools.be\/wp-content\/uploads\/2015\/03\/worktools-logo.png\",\"contentUrl\":\"https:\/\/www.worktools.be\/wp-content\/uploads\/2015\/03\/worktools-logo.png\",\"width\":318,\"height\":103,\"caption\":\"WorkTools\"},\"image\":{\"@id\":\"https:\/\/www.worktools.be\/fr\/#\/schema\/logo\/image\/\"}}]}<\/script>\n<!-- \/ Yoast SEO plugin. -->","yoast_head_json":{"title":"Outils \u00e9lectriques & pneumatiques et accessoires - WorkTools","robots":{"index":"index","follow":"follow","max-snippet":"max-snippet:-1","max-image-preview":"max-image-preview:large","max-video-preview":"max-video-preview:-1"},"canonical":"https:\/\/www.worktools.be\/fr\/offre\/outils-electriques-pneumatiques-et-accessoires\/","og_locale":"fr_FR","og_type":"article","og_title":"Outils \u00e9lectriques & pneumatiques et accessoires - WorkTools","og_url":"https:\/\/www.worktools.be\/fr\/offre\/outils-electriques-pneumatiques-et-accessoires\/","og_site_name":"WorkTools","article_modified_time":"2022-07-12T21:36:22+00:00","twitter_card":"summary_large_image","schema":{"@context":"https:\/\/schema.org","@graph":[{"@type":"WebPage","@id":"https:\/\/www.worktools.be\/fr\/offre\/outils-electriques-pneumatiques-et-accessoires\/","url":"https:\/\/www.worktools.be\/fr\/offre\/outils-electriques-pneumatiques-et-accessoires\/","name":"Outils \u00e9lectriques & pneumatiques et accessoires - WorkTools","isPartOf":{"@id":"https:\/\/www.worktools.be\/fr\/#website"},"datePublished":"2015-03-09T15:20:33+00:00","dateModified":"2022-07-12T21:36:22+00:00","breadcrumb":{"@id":"https:\/\/www.worktools.be\/fr\/offre\/outils-electriques-pneumatiques-et-accessoires\/#breadcrumb"},"inLanguage":"fr-FR","potentialAction":[{"@type":"ReadAction","target":["https:\/\/www.worktools.be\/fr\/offre\/outils-electriques-pneumatiques-et-accessoires\/"]}]},{"@type":"BreadcrumbList","@id":"https:\/\/www.worktools.be\/fr\/offre\/outils-electriques-pneumatiques-et-accessoires\/#breadcrumb","itemListElement":[{"@type":"ListItem","position":1,"name":"Home","item":"https:\/\/www.worktools.be\/fr\/"},{"@type":"ListItem","position":2,"name":"Offre","item":"https:\/\/www.worktools.be\/fr\/offre\/"},{"@type":"ListItem","position":3,"name":"Outils \u00e9lectriques &#038; pneumatiques et accessoires"}]},{"@type":"WebSite","@id":"https:\/\/www.worktools.be\/fr\/#website","url":"https:\/\/www.worktools.be\/fr\/","name":"WorkTools","description":"Worktools in Hoeilaart | Werkgereedschap, stellingen, ladders, bevestigingen, lijmen, siliconen, elektrisch en pneumatisch materiaal.","publisher":{"@id":"https:\/\/www.worktools.be\/fr\/#organization"},"potentialAction":[{"@type":"SearchAction","target":{"@type":"EntryPoint","urlTemplate":"https:\/\/www.worktools.be\/fr\/?s={search_term_string}"},"query-input":{"@type":"PropertyValueSpecification","valueRequired":true,"valueName":"search_term_string"}}],"inLanguage":"fr-FR"},{"@type":"Organization","@id":"https:\/\/www.worktools.be\/fr\/#organization","name":"WorkTools","url":"https:\/\/www.worktools.be\/fr\/","logo":{"@type":"ImageObject","inLanguage":"fr-FR","@id":"https:\/\/www.worktools.be\/fr\/#\/schema\/logo\/image\/","url":"https:\/\/www.worktools.be\/wp-content\/uploads\/2015\/03\/worktools-logo.png","contentUrl":"https:\/\/www.worktools.be\/wp-content\/uploads\/2015\/03\/worktools-logo.png","width":318,"height":103,"caption":"WorkTools"},"image":{"@id":"https:\/\/www.worktools.be\/fr\/#\/schema\/logo\/image\/"}}]}},"_links":{"self":[{"href":"https:\/\/www.worktools.be\/fr\/wp-json\/wp\/v2\/pages\/17036","targetHints":{"allow":["GET"]}}],"collection":[{"href":"https:\/\/www.worktools.be\/fr\/wp-json\/wp\/v2\/pages"}],"about":[{"href":"https:\/\/www.worktools.be\/fr\/wp-json\/wp\/v2\/types\/page"}],"author":[{"embeddable":true,"href":"https:\/\/www.worktools.be\/fr\/wp-json\/wp\/v2\/users\/3"}],"replies":[{"embeddable":true,"href":"https:\/\/www.worktools.be\/fr\/wp-json\/wp\/v2\/comments?post=17036"}],"version-history":[{"count":1,"href":"https:\/\/www.worktools.be\/fr\/wp-json\/wp\/v2\/pages\/17036\/revisions"}],"predecessor-version":[{"id":17900,"href":"https:\/\/www.worktools.be\/fr\/wp-json\/wp\/v2\/pages\/17036\/revisions\/17900"}],"up":[{"embeddable":true,"href":"https:\/\/www.worktools.be\/fr\/wp-json\/wp\/v2\/pages\/17027"}],"wp:attachment":[{"href":"https:\/\/www.worktools.be\/fr\/wp-json\/wp\/v2\/media?parent=17036"}],"curies":[{"name":"wp","href":"https:\/\/api.w.org\/{rel}","templated":true}]}}