{"id":17040,"date":"2015-03-09T16:34:23","date_gmt":"2015-03-09T15:34:23","guid":{"rendered":"https:\/\/www.worktools.be\/offre\/ladders-en-stellingen\/"},"modified":"2022-07-12T23:41:18","modified_gmt":"2022-07-12T21:41:18","slug":"echelles-et-echafaudages","status":"publish","type":"page","link":"https:\/\/www.worktools.be\/fr\/offre\/echelles-et-echafaudages\/","title":{"rendered":"\u00c9chelles et \u00e9chafaudages"},"content":{"rendered":"\n\t\t\t\t\t<div class=\"linkview\" id=\"lvw-sc-id-1\">\n\t\t\t\t\t<div class=\"lvw-category\">\n\t\t\t\t\t<div id=\"lvw-id-1-1\">\n\t\t\t\t\t<ul class=\"lvw-link-list\" style=\"list-style-type:none;\">\n\t\t\t\t\t\t<li class=\"lvw-list-item\">\n\t\t\t<div class=\"lvw-link echelles-et-echafaudages\"><div class=\"lvw-section-left\"><div class=\"lvw-item-image\"><a class=\"lvw-anchor\" href=\"http:\/\/www.altrex.com\/be\" target=\"_blank\" title=\"Altrex\" rel=\"noopener \"><img decoding=\"async\" src=\"https:\/\/www.worktools.be\/wp-content\/uploads\/2015\/03\/altrex.jpg\" alt=\"Altrex\" \/><\/a><\/div><\/div><div class=\"lvw-section-right\"><div class=\"lvw-item-notes\">ALTREX se porte garant pour la s\u00e9curit\u00e9, la qualit\u00e9 et l\u2019innovation de mat\u00e9riaux de grimpe. Dans son assortiment\u00a0: des \u00e9chelles, des \u00e9chelles pliables, des escabeaux, des \u00e9chafaudages pliants et \u00e9chafaudages roulants et syst\u00e8mes d\u2019\u00e9chafaudages (comme les ponts triangulaires modulaires et les passerelles pour peintre) ou les nacelles suspendues.<\/div><div class=\"lvw-item-address\"><a class=\"lvw-anchor\" href=\"http:\/\/www.altrex.com\/be\" target=\"_blank\" title=\"Altrex\" rel=\"noopener \">http:\/\/www.altrex.com\/be<\/a><\/div><\/div><\/div><\/li>\n\t\t\t\t\t<\/ul>\n\t\t\t\t\t<\/div>\n\t\t\t\t\t<\/div>\n\t\t\t\t<\/div>\n","protected":false},"excerpt":{"rendered":"...","protected":false},"author":3,"featured_media":0,"parent":17027,"menu_order":0,"comment_status":"open","ping_status":"open","template":"","meta":{"footnotes":"","_expiration-date-status":"","_expiration-date":0,"_expiration-date-type":"","_expiration-date-categories":[],"_expiration-date-options":[]},"class_list":["post-17040","page","type-page","status-publish","hentry"],"yoast_head":"<!-- This site is optimized with the Yoast SEO plugin v26.6 - https:\/\/yoast.com\/wordpress\/plugins\/seo\/ -->\n<title>\u00c9chelles et \u00e9chafaudages - WorkTools<\/title>\n<meta name=\"robots\" content=\"index, follow, max-snippet:-1, max-image-preview:large, max-video-preview:-1\" \/>\n<link rel=\"canonical\" href=\"https:\/\/www.worktools.be\/fr\/offre\/echelles-et-echafaudages\/\" \/>\n<meta property=\"og:locale\" content=\"fr_FR\" \/>\n<meta property=\"og:type\" content=\"article\" \/>\n<meta property=\"og:title\" content=\"\u00c9chelles et \u00e9chafaudages - WorkTools\" \/>\n<meta property=\"og:url\" content=\"https:\/\/www.worktools.be\/fr\/offre\/echelles-et-echafaudages\/\" \/>\n<meta property=\"og:site_name\" content=\"WorkTools\" \/>\n<meta property=\"article:modified_time\" content=\"2022-07-12T21:41:18+00:00\" \/>\n<meta name=\"twitter:card\" content=\"summary_large_image\" \/>\n<script type=\"application\/ld+json\" class=\"yoast-schema-graph\">{\"@context\":\"https:\/\/schema.org\",\"@graph\":[{\"@type\":\"WebPage\",\"@id\":\"https:\/\/www.worktools.be\/fr\/offre\/echelles-et-echafaudages\/\",\"url\":\"https:\/\/www.worktools.be\/fr\/offre\/echelles-et-echafaudages\/\",\"name\":\"\u00c9chelles et \u00e9chafaudages - WorkTools\",\"isPartOf\":{\"@id\":\"https:\/\/www.worktools.be\/fr\/#website\"},\"datePublished\":\"2015-03-09T15:34:23+00:00\",\"dateModified\":\"2022-07-12T21:41:18+00:00\",\"breadcrumb\":{\"@id\":\"https:\/\/www.worktools.be\/fr\/offre\/echelles-et-echafaudages\/#breadcrumb\"},\"inLanguage\":\"fr-FR\",\"potentialAction\":[{\"@type\":\"ReadAction\",\"target\":[\"https:\/\/www.worktools.be\/fr\/offre\/echelles-et-echafaudages\/\"]}]},{\"@type\":\"BreadcrumbList\",\"@id\":\"https:\/\/www.worktools.be\/fr\/offre\/echelles-et-echafaudages\/#breadcrumb\",\"itemListElement\":[{\"@type\":\"ListItem\",\"position\":1,\"name\":\"Home\",\"item\":\"https:\/\/www.worktools.be\/fr\/\"},{\"@type\":\"ListItem\",\"position\":2,\"name\":\"Offre\",\"item\":\"https:\/\/www.worktools.be\/fr\/offre\/\"},{\"@type\":\"ListItem\",\"position\":3,\"name\":\"\u00c9chelles et \u00e9chafaudages\"}]},{\"@type\":\"WebSite\",\"@id\":\"https:\/\/www.worktools.be\/fr\/#website\",\"url\":\"https:\/\/www.worktools.be\/fr\/\",\"name\":\"WorkTools\",\"description\":\"Worktools in Hoeilaart | Werkgereedschap, stellingen, ladders, bevestigingen, lijmen, siliconen, elektrisch en pneumatisch materiaal.\",\"publisher\":{\"@id\":\"https:\/\/www.worktools.be\/fr\/#organization\"},\"potentialAction\":[{\"@type\":\"SearchAction\",\"target\":{\"@type\":\"EntryPoint\",\"urlTemplate\":\"https:\/\/www.worktools.be\/fr\/?s={search_term_string}\"},\"query-input\":{\"@type\":\"PropertyValueSpecification\",\"valueRequired\":true,\"valueName\":\"search_term_string\"}}],\"inLanguage\":\"fr-FR\"},{\"@type\":\"Organization\",\"@id\":\"https:\/\/www.worktools.be\/fr\/#organization\",\"name\":\"WorkTools\",\"url\":\"https:\/\/www.worktools.be\/fr\/\",\"logo\":{\"@type\":\"ImageObject\",\"inLanguage\":\"fr-FR\",\"@id\":\"https:\/\/www.worktools.be\/fr\/#\/schema\/logo\/image\/\",\"url\":\"https:\/\/www.worktools.be\/wp-content\/uploads\/2015\/03\/worktools-logo.png\",\"contentUrl\":\"https:\/\/www.worktools.be\/wp-content\/uploads\/2015\/03\/worktools-logo.png\",\"width\":318,\"height\":103,\"caption\":\"WorkTools\"},\"image\":{\"@id\":\"https:\/\/www.worktools.be\/fr\/#\/schema\/logo\/image\/\"}}]}<\/script>\n<!-- \/ Yoast SEO plugin. -->","yoast_head_json":{"title":"\u00c9chelles et \u00e9chafaudages - WorkTools","robots":{"index":"index","follow":"follow","max-snippet":"max-snippet:-1","max-image-preview":"max-image-preview:large","max-video-preview":"max-video-preview:-1"},"canonical":"https:\/\/www.worktools.be\/fr\/offre\/echelles-et-echafaudages\/","og_locale":"fr_FR","og_type":"article","og_title":"\u00c9chelles et \u00e9chafaudages - WorkTools","og_url":"https:\/\/www.worktools.be\/fr\/offre\/echelles-et-echafaudages\/","og_site_name":"WorkTools","article_modified_time":"2022-07-12T21:41:18+00:00","twitter_card":"summary_large_image","schema":{"@context":"https:\/\/schema.org","@graph":[{"@type":"WebPage","@id":"https:\/\/www.worktools.be\/fr\/offre\/echelles-et-echafaudages\/","url":"https:\/\/www.worktools.be\/fr\/offre\/echelles-et-echafaudages\/","name":"\u00c9chelles et \u00e9chafaudages - WorkTools","isPartOf":{"@id":"https:\/\/www.worktools.be\/fr\/#website"},"datePublished":"2015-03-09T15:34:23+00:00","dateModified":"2022-07-12T21:41:18+00:00","breadcrumb":{"@id":"https:\/\/www.worktools.be\/fr\/offre\/echelles-et-echafaudages\/#breadcrumb"},"inLanguage":"fr-FR","potentialAction":[{"@type":"ReadAction","target":["https:\/\/www.worktools.be\/fr\/offre\/echelles-et-echafaudages\/"]}]},{"@type":"BreadcrumbList","@id":"https:\/\/www.worktools.be\/fr\/offre\/echelles-et-echafaudages\/#breadcrumb","itemListElement":[{"@type":"ListItem","position":1,"name":"Home","item":"https:\/\/www.worktools.be\/fr\/"},{"@type":"ListItem","position":2,"name":"Offre","item":"https:\/\/www.worktools.be\/fr\/offre\/"},{"@type":"ListItem","position":3,"name":"\u00c9chelles et \u00e9chafaudages"}]},{"@type":"WebSite","@id":"https:\/\/www.worktools.be\/fr\/#website","url":"https:\/\/www.worktools.be\/fr\/","name":"WorkTools","description":"Worktools in Hoeilaart | Werkgereedschap, stellingen, ladders, bevestigingen, lijmen, siliconen, elektrisch en pneumatisch materiaal.","publisher":{"@id":"https:\/\/www.worktools.be\/fr\/#organization"},"potentialAction":[{"@type":"SearchAction","target":{"@type":"EntryPoint","urlTemplate":"https:\/\/www.worktools.be\/fr\/?s={search_term_string}"},"query-input":{"@type":"PropertyValueSpecification","valueRequired":true,"valueName":"search_term_string"}}],"inLanguage":"fr-FR"},{"@type":"Organization","@id":"https:\/\/www.worktools.be\/fr\/#organization","name":"WorkTools","url":"https:\/\/www.worktools.be\/fr\/","logo":{"@type":"ImageObject","inLanguage":"fr-FR","@id":"https:\/\/www.worktools.be\/fr\/#\/schema\/logo\/image\/","url":"https:\/\/www.worktools.be\/wp-content\/uploads\/2015\/03\/worktools-logo.png","contentUrl":"https:\/\/www.worktools.be\/wp-content\/uploads\/2015\/03\/worktools-logo.png","width":318,"height":103,"caption":"WorkTools"},"image":{"@id":"https:\/\/www.worktools.be\/fr\/#\/schema\/logo\/image\/"}}]}},"_links":{"self":[{"href":"https:\/\/www.worktools.be\/fr\/wp-json\/wp\/v2\/pages\/17040","targetHints":{"allow":["GET"]}}],"collection":[{"href":"https:\/\/www.worktools.be\/fr\/wp-json\/wp\/v2\/pages"}],"about":[{"href":"https:\/\/www.worktools.be\/fr\/wp-json\/wp\/v2\/types\/page"}],"author":[{"embeddable":true,"href":"https:\/\/www.worktools.be\/fr\/wp-json\/wp\/v2\/users\/3"}],"replies":[{"embeddable":true,"href":"https:\/\/www.worktools.be\/fr\/wp-json\/wp\/v2\/comments?post=17040"}],"version-history":[{"count":1,"href":"https:\/\/www.worktools.be\/fr\/wp-json\/wp\/v2\/pages\/17040\/revisions"}],"predecessor-version":[{"id":17913,"href":"https:\/\/www.worktools.be\/fr\/wp-json\/wp\/v2\/pages\/17040\/revisions\/17913"}],"up":[{"embeddable":true,"href":"https:\/\/www.worktools.be\/fr\/wp-json\/wp\/v2\/pages\/17027"}],"wp:attachment":[{"href":"https:\/\/www.worktools.be\/fr\/wp-json\/wp\/v2\/media?parent=17040"}],"curies":[{"name":"wp","href":"https:\/\/api.w.org\/{rel}","templated":true}]}}