{"id":17896,"date":"2022-07-12T23:27:06","date_gmt":"2022-07-12T21:27:06","guid":{"rendered":"https:\/\/www.worktools.be\/privacy\/"},"modified":"2022-07-12T23:31:59","modified_gmt":"2022-07-12T21:31:59","slug":"privacy","status":"publish","type":"page","link":"https:\/\/www.worktools.be\/fr\/privacy\/","title":{"rendered":"Privacy"},"content":{"rendered":"<p>[vc_row][vc_column][vc_column_text]Worktools BV, situ\u00e9 \u00e0 Tentrappenstraat 41<br \/>\n1560 Hoeilaart, est responsable du traitement des donn\u00e9es personnelles comme indiqu\u00e9 dans cette d\u00e9claration de confidentialit\u00e9.<\/p>\n<p><strong>Coordonn\u00e9es de contact :<\/strong><\/p>\n<p><a href=\"https:\/\/www.worktools.be\">www.worktools.be<\/a><br \/>\nTentrappenstraat 41<br \/>\n1560 Hoeilaart<br \/>\n+32 485 03 33 54<br \/>\nSilke Malfroy est le d\u00e9l\u00e9gu\u00e9 \u00e0 la protection des donn\u00e9es de Worktools BV.<br \/>\nVous pouvez la joindre \u00e0 l&#8217;adresse suivante : info@worktex.be<\/p>\n<p><strong>Donn\u00e9es personnelles que nous traitons<\/strong><\/p>\n<p>Worktools BV traite vos donn\u00e9es personnelles parce que vous faites appel \u00e0 nos services et\/ou parce que vous nous fournissez vous-m\u00eame ces donn\u00e9es.<\/p>\n<p>Vous trouverez ci-dessous un aper\u00e7u des donn\u00e9es personnelles que nous traitons :<\/p>\n<p>&#8211; Pr\u00e9nom et nom de famille<br \/>\n&#8211; Num\u00e9ro de t\u00e9l\u00e9phone<br \/>\n&#8211; Adresse e-mail<\/p>\n<p><strong>Donn\u00e9es personnelles sp\u00e9ciales et\/ou sensibles que nous traitons<\/strong><\/p>\n<p>Notre site web et\/ou service n&#8217;a pas l&#8217;intention de collecter des donn\u00e9es aupr\u00e8s de visiteurs du site web \u00e2g\u00e9s de moins de 16 ans. Sauf s&#8217;ils ont la permission de leurs parents ou de leur tuteur. Cependant, nous ne pouvons pas v\u00e9rifier si un visiteur a plus de 16 ans. Nous recommandons donc aux parents de s&#8217;impliquer dans les activit\u00e9s en ligne de leurs enfants, afin d&#8217;emp\u00eacher la collecte de donn\u00e9es sur les enfants sans l&#8217;autorisation des parents. Si vous \u00eates convaincu que nous avons collect\u00e9 des donn\u00e9es personnelles sur un mineur sans ce consentement, veuillez nous contacter \u00e0 l&#8217;adresse info@worktools.be et nous supprimerons ces informations.<\/p>\n<p><strong>Dans quel but et sur quelle base nous traitons les donn\u00e9es personnelles<\/strong><\/p>\n<p>Worktools BV traite vos donn\u00e9es personnelles aux fins suivantes :<\/p>\n<p>&#8211; Envoi de notre newsletter et\/ou de notre dossier publicitaire<br \/>\n&#8211; Pour vous appeler ou vous envoyer un e-mail si cela est n\u00e9cessaire pour fournir nos services.<br \/>\n&#8211; Pour vous informer des modifications apport\u00e9es \u00e0 nos services et produits.<br \/>\n&#8211; Worktools BV analyse votre comportement sur le site Web afin d&#8217;am\u00e9liorer le site Web et les produits et services offerts en fonction de vos pr\u00e9f\u00e9rences.<br \/>\n&#8211; Worktools BV suit votre comportement de navigation sur diff\u00e9rents sites web afin d&#8217;adapter nos produits et services \u00e0 vos besoins.<\/p>\n<p><strong>Combien de temps nous conservons les donn\u00e9es personnelles<\/strong><\/p>\n<p>Worktools BV ne conservera pas vos donn\u00e9es personnelles plus longtemps que ce qui est strictement n\u00e9cessaire pour r\u00e9aliser les objectifs pour lesquels vos donn\u00e9es sont collect\u00e9es. Nous utilisons une p\u00e9riode de r\u00e9tention de 2 ans pour conserver les donn\u00e9es personnelles.<\/p>\n<p><strong>Partage des donn\u00e9es personnelles avec des tiers<\/strong><\/p>\n<p>Worktools BV ne fournira des informations personnelles \u00e0 des tiers que si cela est n\u00e9cessaire pour l&#8217;ex\u00e9cution du convention avec vous ou pour se conformer \u00e0 une obligation l\u00e9gale.<\/p>\n<p><strong>Cookies, ou techniques similaires, que nous utilisons<\/strong><\/p>\n<p>Worktools BV utilise des cookies fonctionnels, analytiques et de suivi. Un cookie est un petit fichier texte qui, lors de la visite de ce site web, sera enregistr\u00e9 dans le navigateur de votre ordinateur, tablette ou smartphone. Worktools BV utilise des cookies avec une fonctionnalit\u00e9 purement technique. Ils garantissent le bon fonctionnement du site web et la m\u00e9morisation de vos pr\u00e9f\u00e9rences, par exemple. Ces cookies sont \u00e9galement utilis\u00e9s pour faire fonctionner le site web correctement et pour l&#8217;optimiser. En outre, nous pla\u00e7ons des cookies qui suivent votre comportement de navigation afin de pouvoir vous proposer des contenus et des publicit\u00e9s sur mesure.<\/p>\n<p>Lors de votre premi\u00e8re visite sur notre site web, nous vous avons inform\u00e9 de ces cookies et vous avons demand\u00e9 la permission de les placer.<\/p>\n<p>Vous pouvez vous d\u00e9sinscrire des cookies en configurant votre navigateur internet de mani\u00e8re \u00e0 ce qu&#8217;il ne stocke plus de cookies. En outre, vous pouvez supprimer toutes les informations qui ont \u00e9t\u00e9 pr\u00e9c\u00e9demment stock\u00e9es en utilisant les param\u00e8tres de votre navigateur.<\/p>\n<p><strong>Examen, modification ou suppression des donn\u00e9es <\/strong><\/p>\n<p>Vous avez le droit de consulter, de corriger ou de supprimer vos donn\u00e9es personnelles. Vous avez \u00e9galement le droit de retirer votre autorisation pour le traitement des donn\u00e9es ou de vous opposer au traitement de vos donn\u00e9es personnelles par Worktools BV et vous avez le droit \u00e0 la portabilit\u00e9 des donn\u00e9es. Cela signifie que vous pouvez nous demander d&#8217;envoyer les donn\u00e9es personnelles dont nous disposons \u00e0 votre sujet dans un fichier informatique \u00e0 vous-m\u00eame ou \u00e0 une autre organisation que vous aurez d\u00e9sign\u00e9e.<\/p>\n<p>Vous pouvez envoyer une demande d&#8217;inspection, de correction, de suppression, de modification des donn\u00e9es ou une demande de retrait de votre autorisation ou une objection au traitement de vos donn\u00e9es personnelles \u00e0 info@worktools.be.<\/p>\n<p>Pour s&#8217;assurer que la demande d&#8217;inspection a \u00e9t\u00e9 faite par vous, nous vous demandons d&#8217;envoyer une copie de votre preuve d&#8217;identit\u00e9 avec la demande. Nous r\u00e9pondrons \u00e0 votre demande aussi rapidement que possible, mais dans un d\u00e9lai de quatre semaines.<\/p>\n<p><strong>Comment nous prot\u00e9geons les donn\u00e9es personnelles<\/strong><\/p>\n<p>Worktools BV prend au s\u00e9rieux la protection de vos donn\u00e9es et prend les mesures appropri\u00e9es pour pr\u00e9venir les abus, les pertes, les acc\u00e8s non autoris\u00e9s, les divulgations non souhait\u00e9es et les modifications non autoris\u00e9es. Si vous estimez que vos donn\u00e9es ne sont pas bien prot\u00e9g\u00e9es ou qu&#8217;il existe des indices d&#8217;abus, veuillez contacter info@worktools.be.[\/vc_column_text][\/vc_column][\/vc_row]<\/p>\n","protected":false},"excerpt":{"rendered":"<p>&#8230;<\/p>\n","protected":false},"author":3,"featured_media":0,"parent":0,"menu_order":0,"comment_status":"closed","ping_status":"closed","template":"","meta":{"footnotes":"","_expiration-date-status":"","_expiration-date":0,"_expiration-date-type":"","_expiration-date-categories":[],"_expiration-date-options":[]},"class_list":["post-17896","page","type-page","status-publish","hentry"],"yoast_head":"<!-- This site is optimized with the Yoast SEO plugin v26.6 - https:\/\/yoast.com\/wordpress\/plugins\/seo\/ -->\n<title>Privacy - WorkTools<\/title>\n<meta name=\"robots\" content=\"index, follow, max-snippet:-1, max-image-preview:large, max-video-preview:-1\" \/>\n<link rel=\"canonical\" href=\"https:\/\/www.worktools.be\/fr\/privacy\/\" \/>\n<meta property=\"og:locale\" content=\"fr_FR\" \/>\n<meta property=\"og:type\" content=\"article\" \/>\n<meta property=\"og:title\" content=\"Privacy - WorkTools\" \/>\n<meta property=\"og:description\" content=\"...\" \/>\n<meta property=\"og:url\" content=\"https:\/\/www.worktools.be\/fr\/privacy\/\" \/>\n<meta property=\"og:site_name\" content=\"WorkTools\" \/>\n<meta property=\"article:modified_time\" content=\"2022-07-12T21:31:59+00:00\" \/>\n<meta name=\"twitter:card\" content=\"summary_large_image\" \/>\n<meta name=\"twitter:label1\" content=\"Dur\u00e9e de lecture estim\u00e9e\" \/>\n\t<meta name=\"twitter:data1\" content=\"4 minutes\" \/>\n<script type=\"application\/ld+json\" class=\"yoast-schema-graph\">{\"@context\":\"https:\/\/schema.org\",\"@graph\":[{\"@type\":\"WebPage\",\"@id\":\"https:\/\/www.worktools.be\/fr\/privacy\/\",\"url\":\"https:\/\/www.worktools.be\/fr\/privacy\/\",\"name\":\"Privacy - WorkTools\",\"isPartOf\":{\"@id\":\"https:\/\/www.worktools.be\/fr\/#website\"},\"datePublished\":\"2022-07-12T21:27:06+00:00\",\"dateModified\":\"2022-07-12T21:31:59+00:00\",\"breadcrumb\":{\"@id\":\"https:\/\/www.worktools.be\/fr\/privacy\/#breadcrumb\"},\"inLanguage\":\"fr-FR\",\"potentialAction\":[{\"@type\":\"ReadAction\",\"target\":[\"https:\/\/www.worktools.be\/fr\/privacy\/\"]}]},{\"@type\":\"BreadcrumbList\",\"@id\":\"https:\/\/www.worktools.be\/fr\/privacy\/#breadcrumb\",\"itemListElement\":[{\"@type\":\"ListItem\",\"position\":1,\"name\":\"Home\",\"item\":\"https:\/\/www.worktools.be\/fr\/\"},{\"@type\":\"ListItem\",\"position\":2,\"name\":\"Privacy\"}]},{\"@type\":\"WebSite\",\"@id\":\"https:\/\/www.worktools.be\/fr\/#website\",\"url\":\"https:\/\/www.worktools.be\/fr\/\",\"name\":\"WorkTools\",\"description\":\"Worktools in Hoeilaart | Werkgereedschap, stellingen, ladders, bevestigingen, lijmen, siliconen, elektrisch en pneumatisch materiaal.\",\"publisher\":{\"@id\":\"https:\/\/www.worktools.be\/fr\/#organization\"},\"potentialAction\":[{\"@type\":\"SearchAction\",\"target\":{\"@type\":\"EntryPoint\",\"urlTemplate\":\"https:\/\/www.worktools.be\/fr\/?s={search_term_string}\"},\"query-input\":{\"@type\":\"PropertyValueSpecification\",\"valueRequired\":true,\"valueName\":\"search_term_string\"}}],\"inLanguage\":\"fr-FR\"},{\"@type\":\"Organization\",\"@id\":\"https:\/\/www.worktools.be\/fr\/#organization\",\"name\":\"WorkTools\",\"url\":\"https:\/\/www.worktools.be\/fr\/\",\"logo\":{\"@type\":\"ImageObject\",\"inLanguage\":\"fr-FR\",\"@id\":\"https:\/\/www.worktools.be\/fr\/#\/schema\/logo\/image\/\",\"url\":\"https:\/\/www.worktools.be\/wp-content\/uploads\/2015\/03\/worktools-logo.png\",\"contentUrl\":\"https:\/\/www.worktools.be\/wp-content\/uploads\/2015\/03\/worktools-logo.png\",\"width\":318,\"height\":103,\"caption\":\"WorkTools\"},\"image\":{\"@id\":\"https:\/\/www.worktools.be\/fr\/#\/schema\/logo\/image\/\"}}]}<\/script>\n<!-- \/ Yoast SEO plugin. -->","yoast_head_json":{"title":"Privacy - WorkTools","robots":{"index":"index","follow":"follow","max-snippet":"max-snippet:-1","max-image-preview":"max-image-preview:large","max-video-preview":"max-video-preview:-1"},"canonical":"https:\/\/www.worktools.be\/fr\/privacy\/","og_locale":"fr_FR","og_type":"article","og_title":"Privacy - WorkTools","og_description":"...","og_url":"https:\/\/www.worktools.be\/fr\/privacy\/","og_site_name":"WorkTools","article_modified_time":"2022-07-12T21:31:59+00:00","twitter_card":"summary_large_image","twitter_misc":{"Dur\u00e9e de lecture estim\u00e9e":"4 minutes"},"schema":{"@context":"https:\/\/schema.org","@graph":[{"@type":"WebPage","@id":"https:\/\/www.worktools.be\/fr\/privacy\/","url":"https:\/\/www.worktools.be\/fr\/privacy\/","name":"Privacy - WorkTools","isPartOf":{"@id":"https:\/\/www.worktools.be\/fr\/#website"},"datePublished":"2022-07-12T21:27:06+00:00","dateModified":"2022-07-12T21:31:59+00:00","breadcrumb":{"@id":"https:\/\/www.worktools.be\/fr\/privacy\/#breadcrumb"},"inLanguage":"fr-FR","potentialAction":[{"@type":"ReadAction","target":["https:\/\/www.worktools.be\/fr\/privacy\/"]}]},{"@type":"BreadcrumbList","@id":"https:\/\/www.worktools.be\/fr\/privacy\/#breadcrumb","itemListElement":[{"@type":"ListItem","position":1,"name":"Home","item":"https:\/\/www.worktools.be\/fr\/"},{"@type":"ListItem","position":2,"name":"Privacy"}]},{"@type":"WebSite","@id":"https:\/\/www.worktools.be\/fr\/#website","url":"https:\/\/www.worktools.be\/fr\/","name":"WorkTools","description":"Worktools in Hoeilaart | Werkgereedschap, stellingen, ladders, bevestigingen, lijmen, siliconen, elektrisch en pneumatisch materiaal.","publisher":{"@id":"https:\/\/www.worktools.be\/fr\/#organization"},"potentialAction":[{"@type":"SearchAction","target":{"@type":"EntryPoint","urlTemplate":"https:\/\/www.worktools.be\/fr\/?s={search_term_string}"},"query-input":{"@type":"PropertyValueSpecification","valueRequired":true,"valueName":"search_term_string"}}],"inLanguage":"fr-FR"},{"@type":"Organization","@id":"https:\/\/www.worktools.be\/fr\/#organization","name":"WorkTools","url":"https:\/\/www.worktools.be\/fr\/","logo":{"@type":"ImageObject","inLanguage":"fr-FR","@id":"https:\/\/www.worktools.be\/fr\/#\/schema\/logo\/image\/","url":"https:\/\/www.worktools.be\/wp-content\/uploads\/2015\/03\/worktools-logo.png","contentUrl":"https:\/\/www.worktools.be\/wp-content\/uploads\/2015\/03\/worktools-logo.png","width":318,"height":103,"caption":"WorkTools"},"image":{"@id":"https:\/\/www.worktools.be\/fr\/#\/schema\/logo\/image\/"}}]}},"_links":{"self":[{"href":"https:\/\/www.worktools.be\/fr\/wp-json\/wp\/v2\/pages\/17896","targetHints":{"allow":["GET"]}}],"collection":[{"href":"https:\/\/www.worktools.be\/fr\/wp-json\/wp\/v2\/pages"}],"about":[{"href":"https:\/\/www.worktools.be\/fr\/wp-json\/wp\/v2\/types\/page"}],"author":[{"embeddable":true,"href":"https:\/\/www.worktools.be\/fr\/wp-json\/wp\/v2\/users\/3"}],"replies":[{"embeddable":true,"href":"https:\/\/www.worktools.be\/fr\/wp-json\/wp\/v2\/comments?post=17896"}],"version-history":[{"count":2,"href":"https:\/\/www.worktools.be\/fr\/wp-json\/wp\/v2\/pages\/17896\/revisions"}],"predecessor-version":[{"id":17898,"href":"https:\/\/www.worktools.be\/fr\/wp-json\/wp\/v2\/pages\/17896\/revisions\/17898"}],"wp:attachment":[{"href":"https:\/\/www.worktools.be\/fr\/wp-json\/wp\/v2\/media?parent=17896"}],"curies":[{"name":"wp","href":"https:\/\/api.w.org\/{rel}","templated":true}]}}